{"id":679,"date":"2023-09-23T10:44:43","date_gmt":"2023-09-23T10:44:43","guid":{"rendered":"https:\/\/vonandersonrealestate.com\/?page_id=679"},"modified":"2023-12-15T11:54:32","modified_gmt":"2023-12-15T11:54:32","slug":"legal-notice-privacy-policy","status":"publish","type":"page","link":"https:\/\/vonandersonrealestate.com\/fr\/legal-notice-privacy-policy\/","title":{"rendered":"Avis juridique et politique de confidentialit\u00e9"},"content":{"rendered":"<p>&nbsp;<\/p>\n<p>&nbsp;<\/p>\n<p><strong>Avis juridique et politique de confidentialit\u00e9<\/strong><\/p>\n<p>La pr\u00e9sente politique de confidentialit\u00e9 a \u00e9t\u00e9 r\u00e9dig\u00e9e en tenant compte des exigences de la l\u00e9gislation actuelle en mati\u00e8re de protection des donn\u00e9es :<\/p>\n<p>R\u00e8glement (UE) 2016\/679 du Parlement europ\u00e9en et du Conseil du 27 avril 2016 relatif \u00e0 la protection des personnes physiques (RGPD).<\/p>\n<p>Loi organique 15\/1999, du 13 d\u00e9cembre, sur la protection des donn\u00e9es \u00e0 caract\u00e8re personnel (LOPD).<\/p>\n<p>D\u00e9cret royal 1720\/2007 du 21 d\u00e9cembre 2007 (RLOPD).<\/p>\n<p>Ce qui suit clarifie les m\u00e9thodes utilis\u00e9es pour la collecte d'informations personnelles, l'objectif de la collecte de donn\u00e9es et la mani\u00e8re dont elles sont partag\u00e9es lorsque vous vous connectez \u00e0 notre site web.<\/p>\n<p>Si vous avez moins de quatorze ans, ne nous communiquez pas vos coordonn\u00e9es sans l'accord de vos parents.<\/p>\n<p>Nous ne demandons pas d'informations personnelles, sauf si elles sont n\u00e9cessaires pour vous fournir les services dont vous avez besoin.<\/p>\n<p>Nous ne partageons jamais d'informations personnelles avec qui que ce soit, sauf pour nous conformer \u00e0 la loi ou avec votre autorisation expresse.<\/p>\n<p>Nous n'utiliserons jamais vos donn\u00e9es personnelles \u00e0 d'autres fins que celles exprim\u00e9es dans la pr\u00e9sente politique de confidentialit\u00e9.<\/p>\n<p>Vos donn\u00e9es seront toujours trait\u00e9es avec un niveau de protection ad\u00e9quat par rapport \u00e0 la l\u00e9gislation sur la protection des donn\u00e9es, et nous ne les soumettrons pas \u00e0 des d\u00e9cisions automatis\u00e9es.<\/p>\n<p>La pr\u00e9sente politique de confidentialit\u00e9 a \u00e9t\u00e9 r\u00e9dig\u00e9e en tenant compte des exigences de la l\u00e9gislation actuelle en mati\u00e8re de protection des donn\u00e9es :<\/p>\n<p>R\u00e8glement (UE) 2016\/679 du Parlement europ\u00e9en et du Conseil du 27 avril 2016 relatif \u00e0 la protection des personnes physiques (RGPD).<\/p>\n<p>Loi organique 15\/1999, du 13 d\u00e9cembre, sur la protection des donn\u00e9es \u00e0 caract\u00e8re personnel (LOPD).<\/p>\n<p>D\u00e9cret royal 1720\/2007 du 21 d\u00e9cembre 2007 (RLOPD).<\/p>\n<p>Ce qui suit clarifie les m\u00e9thodes utilis\u00e9es pour la collecte d'informations personnelles, l'objectif de la collecte de donn\u00e9es et la mani\u00e8re dont elles sont partag\u00e9es lorsque vous vous connectez \u00e0 notre site web.<\/p>\n<p><strong>Informations initiales sur l'appareil<\/strong><\/p>\n<p>Une visite sur notre site web entra\u00eene la collecte automatique de donn\u00e9es sur votre navigateur web, votre adresse IP, votre fuseau horaire local et certains des cookies install\u00e9s sur votre appareil. Pendant que vous naviguez, nous obtenons des informations suppl\u00e9mentaires sur les produits qui vous int\u00e9ressent et les pages consult\u00e9es, ainsi que sur les termes de recherche \u00e0 l'origine de votre visite sur le site et de votre interaction avec le site.<\/p>\n<p><strong>Technologies utilis\u00e9es pour collecter des informations sur les appareils<\/strong><\/p>\n<p>Les fichiers de donn\u00e9es ou \"cookies\" pr\u00e9sents dans votre appareil sont utilis\u00e9s pour vous identifier de mani\u00e8re unique et pour utiliser votre historique de recherche afin de vous sugg\u00e9rer des sites futurs li\u00e9s \u00e0 vos centres d'int\u00e9r\u00eat pass\u00e9s. Vous pouvez lire plus d'informations sur les cookies et apprendre comment les d\u00e9sactiver sur :<\/p>\n<p>http:\/\/www.allaboutcookies.org.<\/p>\n<p>Internet Explorer : http:\/\/windows.microsoft.com\/es-xl\/internet-explorer\/delete-manage-cookies#ie=ie-10<\/p>\n<p>FireFox: https:\/\/support.mozilla.org\/en\/kb\/Delete%20cookies<\/p>\n<p>Chrome : https:\/\/support.google.com\/chrome\/answer\/95647?hl=\"es\"<\/p>\n<p>Une autre m\u00e9thode utilis\u00e9e pour collecter des donn\u00e9es est celle des \"fichiers journaux\". Ceux-ci suivent les actions de votre adresse IP et de votre type de navigateur, ainsi que de votre fournisseur d'acc\u00e8s \u00e0 Internet, de la date et de l'heure.<\/p>\n<p>Les autres fichiers de suivi \u00e9lectronique comprennent les \"balises Web\", les \"tags\" et les \"pixels\" qui enregistrent votre activit\u00e9 sur le Web lorsque vous naviguez.<\/p>\n<p>Enfin, il existe une autre classification avec cinq types de cookies en fonction de la finalit\u00e9 du traitement des donn\u00e9es obtenues : les cookies techniques, les cookies de personnalisation, les cookies d'analyse, les cookies publicitaires et les cookies de publicit\u00e9 comportementale.<\/p>\n<p>Notre utilisation de vos informations personnelles<\/p>\n<p>Les informations collect\u00e9es sur les appareils sont utilis\u00e9es pour adapter les produits et les services \u00e0 vos besoins individuels, pour vous fournir des informations et des conseils en rapport avec vos recherches et pour annoncer des campagnes de marketing que nous pensons \u00eatre b\u00e9n\u00e9fiques pour vous.<\/p>\n<p>Nous utilisons \u00e9galement les informations collect\u00e9es sur l'appareil pour \u00e9valuer le risque de fraude li\u00e9 en particulier \u00e0 votre adresse IP et pour analyser la facilit\u00e9 d'utilisation et l'efficacit\u00e9 du marketing sur notre site.<\/p>\n<p>En utilisant notre site web, vous acceptez que nous partagions vos informations personnelles avec des tiers pour faciliter les services mentionn\u00e9s ci-dessus.<\/p>\n<p>Nous pouvons \u00e9galement partager vos informations personnelles pour nous conformer aux lois et r\u00e9glementations applicables, pour r\u00e9pondre \u00e0 une citation \u00e0 compara\u00eetre, \u00e0 un mandat de recherche ou \u00e0 toute autre demande l\u00e9gale d'informations que nous recevons, ou pour prot\u00e9ger nos droits de toute autre mani\u00e8re.<\/p>\n<p><strong>Publicit\u00e9 cibl\u00e9e<\/strong><\/p>\n<p>Nous utilisons vos informations personnelles pour vous fournir des publicit\u00e9s cibl\u00e9es ou des communications marketing que nous pensons susceptibles de vous int\u00e9resser.<\/p>\n<p>Vos donn\u00e9es seront trait\u00e9es par VA.com, afin de vous envoyer nos bulletins d'information \u00e0 votre adresse \u00e9lectronique. La l\u00e9gitimit\u00e9 de ce traitement requiert votre consentement, que vous pouvez retirer \u00e0 tout moment. Vos donn\u00e9es ne seront pas transf\u00e9r\u00e9es \u00e0 des tiers. Vous disposez d'un droit d'acc\u00e8s, de rectification et de suppression de vos donn\u00e9es, ainsi que d'autres droits tels qu'expliqu\u00e9s ci-dessus. Si vous nous fournissez des donn\u00e9es de tiers, vous assumez la responsabilit\u00e9 de les informer pr\u00e9alablement conform\u00e9ment aux dispositions de l'article 14 du RGPD.<\/p>\n<p>Objectifs : Vos donn\u00e9es seront communiqu\u00e9es aux administrations publiques comp\u00e9tentes dans les cas pr\u00e9vus par la l\u00e9gislation en vigueur et aux fins \u00e9tablies par celle-ci. Nous ne les communiquerons \u00e0 des tiers que si elles sont indispensables \u00e0 la prestation du service.<\/p>\n<p>Dur\u00e9e de conservation : Nous conserverons vos donn\u00e9es pour une dur\u00e9e ind\u00e9termin\u00e9e apr\u00e8s l'expiration du d\u00e9lai l\u00e9gal ou jusqu'\u00e0 ce que vous demandiez leur annulation.<\/p>\n<p>Conservation des donn\u00e9es : Lorsque vous effectuez une demande sur le site, nous conservons vos informations dans nos dossiers jusqu'\u00e0 ce que vous nous demandiez de les supprimer.<\/p>\n<p><strong>Vos droits<br \/>\n<\/strong>Vous avez le droit de nous demander une copie de vos donn\u00e9es personnelles, de rectifier les donn\u00e9es inexactes ou de les compl\u00e9ter si elles sont incompl\u00e8tes, ou le cas \u00e9ch\u00e9ant de les supprimer, lorsqu'elles ne sont plus n\u00e9cessaires aux fins pour lesquelles elles ont \u00e9t\u00e9 collect\u00e9es.<\/p>\n<p>Vous avez \u00e9galement le droit de limiter le traitement de vos donn\u00e9es personnelles et d'obtenir vos donn\u00e9es personnelles dans un format structur\u00e9 et lisible.<\/p>\n<p>Vous pouvez vous opposer au traitement de vos donn\u00e9es \u00e0 caract\u00e8re personnel dans certaines circonstances (notamment lorsque nous ne sommes pas tenus de les traiter pour nous conformer \u00e0 une exigence contractuelle ou l\u00e9gale, ou lorsque la finalit\u00e9 du traitement est le marketing direct). Ces droits peuvent \u00eatre limit\u00e9s, par exemple, si nous devons divulguer des informations sur une autre personne pour r\u00e9pondre \u00e0 votre demande, ou si vous nous demandez de supprimer certains dossiers que nous sommes tenus de conserver en raison d'une obligation l\u00e9gale ou d'un int\u00e9r\u00eat l\u00e9gitime, comme la d\u00e9fense contre des r\u00e9clamations. Ou m\u00eame dans des cas o\u00f9 le droit \u00e0 la libert\u00e9 d'expression et d'information devrait pr\u00e9valoir.<\/p>\n<p>Vous pouvez nous contacter par l'un des moyens indiqu\u00e9s dans la section Responsable du traitement de la pr\u00e9sente politique de confidentialit\u00e9, en fournissant une copie d'un document prouvant votre identit\u00e9 (g\u00e9n\u00e9ralement votre carte d'identit\u00e9).<\/p>\n<p>Un autre de vos droits est de ne pas faire l'objet d'une d\u00e9cision fond\u00e9e exclusivement sur un traitement automatis\u00e9, y compris un profilage produisant des effets juridiques ou vous concernant.<\/p>\n<p>En cas de violation de vos droits, comme par exemple le non-respect de votre demande, vous avez le droit de d\u00e9poser une plainte aupr\u00e8s de l'autorit\u00e9 charg\u00e9e de la protection des donn\u00e9es. Il peut s'agir de l'autorit\u00e9 de votre pays (si vous r\u00e9sidez en dehors de l'Espagne) ou de l'Agence espagnole de protection des donn\u00e9es (si vous r\u00e9sidez en Espagne).<\/p>\n<p><strong>Changements<br \/>\n<\/strong>Nous pouvons mettre \u00e0 jour cette politique de confidentialit\u00e9 de temps \u00e0 autre afin de refl\u00e9ter, par exemple, les changements apport\u00e9s \u00e0 nos pratiques ou pour d'autres raisons op\u00e9rationnelles, juridiques ou r\u00e9glementaires.<\/p>\n<p><strong>Propri\u00e9t\u00e9 intellectuelle et industrielle<br \/>\n<\/strong>La conception de ce site web et ses codes sources, ainsi que les logos, marques et autres signes distinctifs qui y figurent sont la propri\u00e9t\u00e9 intellectuelle de VA.com et sont prot\u00e9g\u00e9s par les droits de propri\u00e9t\u00e9 intellectuelle et industrielle correspondants.<\/p>\n<p><strong>Responsabilit\u00e9 du contenu externe<br \/>\n<\/strong>VA.com n'est pas responsable de la l\u00e9galit\u00e9 d'autres sites web de tiers \u00e0 partir desquels ce site web est accessible, ni des pratiques et politiques d'autres entreprises qui peuvent \u00eatre li\u00e9es \u00e0 ce site web.<\/p>\n<p>VA.com se r\u00e9serve le droit d'apporter des modifications au site web sans pr\u00e9avis, de maintenir l'information \u00e0 jour, d'ajouter, de modifier, de corriger ou d'\u00e9liminer le contenu publi\u00e9 ou la conception du portail.<\/p>\n<p>VA.com n'est pas responsable de l'utilisation que des tiers font des informations publi\u00e9es sur le portail, ni des dommages subis ou des pertes \u00e9conomiques qui, directement ou indirectement, produisent ou entra\u00eenent des dommages \u00e9conomiques, mat\u00e9riels ou de donn\u00e9es, caus\u00e9s par ces informations.<\/p>\n<p><strong>Formulaire de contact<br \/>\n<\/strong>\u00a0En soumettant ce formulaire, j'accepte que VA.com traite et conserve mes donn\u00e9es personnelles dans le but de r\u00e9pondre \u00e0 ma demande de contact. Je confirme que j'ai lu et que j'accepte la politique de confidentialit\u00e9. Je comprends que je peux \u00e0 tout moment m'opposer \u00e0 l'utilisation de mes donn\u00e9es personnelles avec effet futur. Je peux adresser une demande de r\u00e9vocation directement aux coordonn\u00e9es enregistr\u00e9es dans la politique de confidentialit\u00e9.<\/p>\n<p><strong>Copie du contenu<br \/>\n<\/strong>La copie totale ou partielle du contenu publi\u00e9 sur ce site est interdite sans l'autorisation \u00e9crite pr\u00e9alable de Von Anderson Real Estate.<\/p>\n<p>Von Anderson Real Estate se r\u00e9serve le droit d'apporter des changements au site web sans pr\u00e9avis, afin de maintenir vos informations \u00e0 jour, en ajoutant, modifiant, corrigeant ou \u00e9liminant les contenus publi\u00e9s ou la conception du portail.<\/p>\n<p><strong>Nous contacter<br \/>\n<\/strong>Pour plus d'informations sur notre politique de protection de la vie priv\u00e9e, pour toute question ou r\u00e9clamation, veuillez nous contacter par e-mail \u00e0 l'adresse suivante : info@vona-realestate.com, par t\u00e9l\u00e9phone ou par courrier aux coordonn\u00e9es indiqu\u00e9es ci-dessous :<\/p>\n<p>Le propri\u00e9taire de cette page web est : ANDOVONPMI S.L. avec C.I.F. B44983567 et si\u00e8ge social \u00e0 Calle Consultori 9, 07830, Sant Josep de Sa Talaia (ILLES BALEARS).<\/p>\n<p>Vous pouvez \u00e9galement nous contacter par t\u00e9l\u00e9phone au num\u00e9ro +00 34 971 80 36 80 ou par courrier \u00e9lectronique \u00e0 l'adresse suivante : info@vona-realestate.com.<\/p>\n<p>&nbsp;<\/p>\n<p>&nbsp;<\/p>","protected":false},"excerpt":{"rendered":"<p>&nbsp; &nbsp; Legal Notice and Privacy Policy The present privacy policy has been drafted taking into account the requirements of the current data protection legislation: Regulation (EU) 2016\/679 of the European Parliament and of the Council of 27 April 2016 on the protection of natural persons (RGPD). Organic Law 15\/1999, of 13 December, on the [&hellip;]<\/p>\n","protected":false},"author":3,"featured_media":0,"parent":0,"menu_order":0,"comment_status":"closed","ping_status":"closed","template":"page-templates\/page-blank.php","meta":{"footnotes":""},"class_list":["post-679","page","type-page","status-publish","hentry"],"acf":[],"_links":{"self":[{"href":"https:\/\/vonandersonrealestate.com\/fr\/wp-json\/wp\/v2\/pages\/679","targetHints":{"allow":["GET"]}}],"collection":[{"href":"https:\/\/vonandersonrealestate.com\/fr\/wp-json\/wp\/v2\/pages"}],"about":[{"href":"https:\/\/vonandersonrealestate.com\/fr\/wp-json\/wp\/v2\/types\/page"}],"author":[{"embeddable":true,"href":"https:\/\/vonandersonrealestate.com\/fr\/wp-json\/wp\/v2\/users\/3"}],"replies":[{"embeddable":true,"href":"https:\/\/vonandersonrealestate.com\/fr\/wp-json\/wp\/v2\/comments?post=679"}],"version-history":[{"count":0,"href":"https:\/\/vonandersonrealestate.com\/fr\/wp-json\/wp\/v2\/pages\/679\/revisions"}],"wp:attachment":[{"href":"https:\/\/vonandersonrealestate.com\/fr\/wp-json\/wp\/v2\/media?parent=679"}],"curies":[{"name":"wp","href":"https:\/\/api.w.org\/{rel}","templated":true}]}}